{"id":4403638,"date":"2025-03-24T11:08:42","date_gmt":"2025-03-24T10:08:42","guid":{"rendered":"https:\/\/www.rc-enem.si\/branches\/"},"modified":"2025-03-25T06:58:11","modified_gmt":"2025-03-25T05:58:11","slug":"branches","status":"publish","type":"page","link":"https:\/\/www.rc-enem.si\/en\/branches\/","title":{"rendered":"Branches"},"content":{"rendered":"<p>[et_pb_section fb_built=&#8221;1&#8243; admin_label=&#8221;Departments&#8221; _builder_version=&#8221;4.27.4&#8243; _module_preset=&#8221;default&#8221; background_color=&#8221;rgba(41,171,226,0.26)&#8221; background_image=&#8221;https:\/\/www.rc-enem.si\/wp-content\/uploads\/2025\/03\/icon-bw.png&#8221; background_size=&#8221;contain&#8221; background_position=&#8221;top_right&#8221; background_blend=&#8221;soft-light&#8221; custom_padding=&#8221;100px||||false|false&#8221; global_colors_info=&#8221;{}&#8221;][et_pb_row _builder_version=&#8221;4.16&#8243; _module_preset=&#8221;default&#8221; global_colors_info=&#8221;{}&#8221;][et_pb_column type=&#8221;4_4&#8243; _builder_version=&#8221;4.16&#8243; _module_preset=&#8221;default&#8221; global_colors_info=&#8221;{}&#8221;][et_pb_text _builder_version=&#8221;4.27.4&#8243; _module_preset=&#8221;e598b17a-9229-42f6-b238-019d6094332e&#8221; header_font=&#8221;Roboto|500|||||||&#8221; header_text_color=&#8221;#000000&#8243; header_font_size=&#8221;80px&#8221; header_line_height=&#8221;1.15em&#8221; header_font_size_tablet=&#8221;40px&#8221; header_font_size_phone=&#8221;24px&#8221; header_font_size_last_edited=&#8221;on|desktop&#8221; locked=&#8221;off&#8221; global_colors_info=&#8221;{}&#8221;]<\/p>\n<h1>Branches<\/h1>\n<p>[\/et_pb_text][\/et_pb_column][\/et_pb_row][\/et_pb_section][et_pb_section fb_built=&#8221;1&#8243; _builder_version=&#8221;4.27.4&#8243; _module_preset=&#8221;default&#8221; global_colors_info=&#8221;{}&#8221;][et_pb_row column_structure=&#8221;1_3,1_3,1_3&#8243; _builder_version=&#8221;4.27.4&#8243; _module_preset=&#8221;default&#8221; global_colors_info=&#8221;{}&#8221;][et_pb_column type=&#8221;1_3&#8243; _builder_version=&#8221;4.27.4&#8243; _module_preset=&#8221;default&#8221; global_colors_info=&#8221;{}&#8221;][ds_flip_box front_title=&#8221;Kerami\u010dni materiali in varovalke&#8221; back_title=&#8221;Kerami\u010dni materiali in varovalke&#8221; back_content=&#8221;<\/p>\n<p>Postati eden izmed vodilnih razvojnih centrov za inovativne in trajnostne re\u0161itev na podro\u010dju za\u0161\u010dite elektri\u010dnih in\u0161talacij ter naprav<\/p>\n<p>&#8221; use_back_button=&#8221;on&#8221; back_button_text=&#8221;Predstavitev&#8221; back_button_link=&#8221;\/keramicni-materiali-in-varovalke\/&#8221; use_force_square=&#8221;on&#8221; use_3d_effect=&#8221;on&#8221; front_side_bg_color=&#8221;#29ABE2&#8243; back_side_bg_color=&#8221;#23434C&#8221; _builder_version=&#8221;4.27.4&#8243; _module_preset=&#8221;default&#8221; front_title_text_color=&#8221;#FFFFFF&#8221; back_title_level=&#8221;h4&#8243; back_title_text_color=&#8221;#FFFFFF&#8221; back_desc_text_color=&#8221;#FFFFFF&#8221; back_desc_font_size=&#8221;14px&#8221; custom_back_button=&#8221;on&#8221; back_button_text_size=&#8221;18px&#8221; back_button_text_color=&#8221;#29ABE2&#8243; back_button_border_color=&#8221;#FFFFFF&#8221; back_button_use_icon=&#8221;off&#8221; global_colors_info=&#8221;{}&#8221; back_button_text_size__hover_enabled=&#8221;on|desktop&#8221; back_button_text_size__hover=&#8221;18px&#8221;][\/ds_flip_box][\/et_pb_column][et_pb_column type=&#8221;1_3&#8243; _builder_version=&#8221;4.27.4&#8243; _module_preset=&#8221;default&#8221; global_colors_info=&#8221;{}&#8221;][ds_flip_box front_title=&#8221;Nano materiali v steklarstvu&#8221; back_title=&#8221;Nano materiali v steklarstvu&#8221; back_content=&#8221;<\/p>\n<p><span>Osredoto\u010danje na raziskave ter razvoj naprednih materialov ter zeleni prehod industrije v oglji\u010dno nevtralnost.<\/span><\/p>\n<p>&#8221; use_back_button=&#8221;on&#8221; back_button_text=&#8221;Predstavitev&#8221; back_button_link=&#8221;\/nano-materiali-v-steklarstvu\/&#8221; use_force_square=&#8221;on&#8221; use_3d_effect=&#8221;on&#8221; front_side_bg_color=&#8221;#23434C&#8221; back_side_bg_color=&#8221;#29ABE2&#8243; _builder_version=&#8221;4.27.4&#8243; _module_preset=&#8221;default&#8221; front_title_text_color=&#8221;#FFFFFF&#8221; back_title_level=&#8221;h4&#8243; back_title_text_color=&#8221;#FFFFFF&#8221; back_desc_text_color=&#8221;#FFFFFF&#8221; back_desc_font_size=&#8221;14px&#8221; custom_back_button=&#8221;on&#8221; back_button_text_size=&#8221;18px&#8221; back_button_text_color=&#8221;#FFFFFF&#8221; back_button_border_color=&#8221;#FFFFFF&#8221; back_button_use_icon=&#8221;off&#8221; global_colors_info=&#8221;{}&#8221; back_button_text_size__hover_enabled=&#8221;on|desktop&#8221; back_button_text_color__hover_enabled=&#8221;on|desktop&#8221; back_button_text_size__hover=&#8221;18px&#8221; back_button_text_color__hover=&#8221;#FFFFFF&#8221;][\/ds_flip_box][\/et_pb_column][et_pb_column type=&#8221;1_3&#8243; _builder_version=&#8221;4.27.4&#8243; _module_preset=&#8221;default&#8221; global_colors_info=&#8221;{}&#8221;][ds_flip_box front_title=&#8221;Procesi, robotizacija, avtomatizacij, digitalizacija&#8221; back_title=&#8221;Procesi, robotizacija, avtomatizacij, digitalizacija&#8221; back_content=&#8221;<\/p>\n<p><span>Napredne re\u0161itve, ki vklju\u010dujejo raziskave, razvoj, integracijo in prodajo servo sistemov ter robotov.<\/span><\/p>\n<p>&#8221; use_back_button=&#8221;on&#8221; back_button_text=&#8221;Predstavitev&#8221; back_button_link=&#8221;\/procesi-robotizacija-avtomatizacija-digitalizacija\/&#8221; use_force_square=&#8221;on&#8221; use_3d_effect=&#8221;on&#8221; front_side_bg_color=&#8221;#29ABE2&#8243; back_side_bg_color=&#8221;#23434C&#8221; _builder_version=&#8221;4.27.4&#8243; _module_preset=&#8221;default&#8221; front_title_text_color=&#8221;#FFFFFF&#8221; back_title_level=&#8221;h4&#8243; back_title_text_color=&#8221;#FFFFFF&#8221; back_desc_text_color=&#8221;#FFFFFF&#8221; back_desc_font_size=&#8221;14px&#8221; custom_back_button=&#8221;on&#8221; back_button_text_size=&#8221;18px&#8221; back_button_text_color=&#8221;#29ABE2&#8243; back_button_border_color=&#8221;#FFFFFF&#8221; back_button_use_icon=&#8221;off&#8221; global_colors_info=&#8221;{}&#8221; back_button_text_size__hover_enabled=&#8221;on|desktop&#8221; back_button_text_size__hover=&#8221;18px&#8221;][\/ds_flip_box][\/et_pb_column][\/et_pb_row][et_pb_row column_structure=&#8221;1_3,1_3,1_3&#8243; _builder_version=&#8221;4.27.4&#8243; _module_preset=&#8221;default&#8221; global_colors_info=&#8221;{}&#8221;][et_pb_column type=&#8221;1_3&#8243; _builder_version=&#8221;4.27.4&#8243; _module_preset=&#8221;default&#8221; global_colors_info=&#8221;{}&#8221;][ds_flip_box front_title=&#8221;Separacija kovine&#8221; back_title=&#8221;Separacija kovine&#8221; back_content=&#8221;<\/p>\n<p><span>Ukvarjamo se z izbolj\u0161anjem obstoje\u010dih in razvojem novih re\u0161itev na podro\u010dju lo\u010devanja kovin.<\/span><\/p>\n<p>&#8221; use_back_button=&#8221;on&#8221; back_button_text=&#8221;Predstavitev&#8221; back_button_link=&#8221;\/separacija-kovine\/&#8221; use_force_square=&#8221;on&#8221; use_3d_effect=&#8221;on&#8221; front_side_bg_color=&#8221;#23434C&#8221; back_side_bg_color=&#8221;#29ABE2&#8243; _builder_version=&#8221;4.27.4&#8243; _module_preset=&#8221;default&#8221; front_title_text_color=&#8221;#FFFFFF&#8221; back_title_level=&#8221;h4&#8243; back_title_text_color=&#8221;#FFFFFF&#8221; back_desc_text_color=&#8221;#FFFFFF&#8221; back_desc_font_size=&#8221;14px&#8221; custom_back_button=&#8221;on&#8221; back_button_text_size=&#8221;18px&#8221; back_button_text_color=&#8221;#FFFFFF&#8221; back_button_border_color=&#8221;#FFFFFF&#8221; back_button_use_icon=&#8221;off&#8221; global_colors_info=&#8221;{}&#8221; back_button_text_size__hover_enabled=&#8221;on|desktop&#8221; back_button_text_color__hover_enabled=&#8221;on|desktop&#8221; back_button_text_size__hover=&#8221;18px&#8221; back_button_text_color__hover=&#8221;#FFFFFF&#8221;][\/ds_flip_box][\/et_pb_column][et_pb_column type=&#8221;1_3&#8243; _builder_version=&#8221;4.27.4&#8243; _module_preset=&#8221;default&#8221; global_colors_info=&#8221;{}&#8221;][ds_flip_box front_title=&#8221;Varne, kro\u017ene in trajnostne re\u0161itve&#8221; back_title=&#8221;Varne, kro\u017ene in trajnostne re\u0161itve&#8221; back_content=&#8221;<\/p>\n<p><span>Razvoj in implementacija tehnologij s podro\u010dij varstva okolja, energetske u\u010dinkovitosti, kro\u017enega gospodarstva, trajnostnega razvoja ter varovanja<\/span><\/p>\n<p>&#8221; use_back_button=&#8221;on&#8221; back_button_text=&#8221;Predstavitev&#8221; back_button_link=&#8221;\/keramicni-materiali-in-varovalke\/&#8221; use_force_square=&#8221;on&#8221; use_3d_effect=&#8221;on&#8221; front_side_bg_color=&#8221;#29ABE2&#8243; back_side_bg_color=&#8221;#23434C&#8221; _builder_version=&#8221;4.27.4&#8243; _module_preset=&#8221;default&#8221; front_title_text_color=&#8221;#FFFFFF&#8221; back_title_level=&#8221;h4&#8243; back_title_text_color=&#8221;#FFFFFF&#8221; back_desc_text_color=&#8221;#FFFFFF&#8221; back_desc_font_size=&#8221;14px&#8221; custom_back_button=&#8221;on&#8221; back_button_text_size=&#8221;18px&#8221; back_button_text_color=&#8221;#29ABE2&#8243; back_button_border_color=&#8221;#FFFFFF&#8221; back_button_use_icon=&#8221;off&#8221; global_colors_info=&#8221;{}&#8221; back_button_text_size__hover_enabled=&#8221;on|desktop&#8221; back_button_text_size__hover=&#8221;18px&#8221;][\/ds_flip_box][\/et_pb_column][et_pb_column type=&#8221;1_3&#8243; _builder_version=&#8221;4.27.4&#8243; _module_preset=&#8221;default&#8221; global_colors_info=&#8221;{}&#8221;][ds_flip_box front_title=&#8221;Energetski in\u017eeniring in sistemi&#8221; back_title=&#8221;Energetski in\u017eeniring in sistemi&#8221; back_content=&#8221;<\/p>\n<p><span>Razvoj trajnostnih energetskih re\u0161itev, ki <\/span><span>vklju\u010dujeje tehni\u010dne kot tudi okoljske in ekonomske vidike upravljanja energije.<\/span><\/p>\n<p>&#8221; use_back_button=&#8221;on&#8221; back_button_text=&#8221;Predstavitev&#8221; back_button_link=&#8221;\/energetski-inzeniring-in-sistemi\/&#8221; use_force_square=&#8221;on&#8221; use_3d_effect=&#8221;on&#8221; front_side_bg_color=&#8221;#23434C&#8221; back_side_bg_color=&#8221;#29ABE2&#8243; _builder_version=&#8221;4.27.4&#8243; _module_preset=&#8221;default&#8221; front_title_text_color=&#8221;#FFFFFF&#8221; back_title_level=&#8221;h4&#8243; back_title_text_color=&#8221;#FFFFFF&#8221; back_desc_text_color=&#8221;#FFFFFF&#8221; back_desc_font_size=&#8221;14px&#8221; custom_back_button=&#8221;on&#8221; back_button_text_size=&#8221;18px&#8221; back_button_text_color=&#8221;#FFFFFF&#8221; back_button_border_color=&#8221;#FFFFFF&#8221; back_button_use_icon=&#8221;off&#8221; global_colors_info=&#8221;{}&#8221; back_button_text_size__hover_enabled=&#8221;on|desktop&#8221; back_button_text_color__hover_enabled=&#8221;on|desktop&#8221; back_button_text_size__hover=&#8221;18px&#8221; back_button_text_color__hover=&#8221;#FFFFFF&#8221;][\/ds_flip_box][\/et_pb_column][\/et_pb_row][et_pb_row column_structure=&#8221;1_3,1_3,1_3&#8243; _builder_version=&#8221;4.27.4&#8243; _module_preset=&#8221;default&#8221; global_colors_info=&#8221;{}&#8221;][et_pb_column type=&#8221;1_3&#8243; _builder_version=&#8221;4.27.4&#8243; _module_preset=&#8221;default&#8221; global_colors_info=&#8221;{}&#8221;][ds_flip_box front_title=&#8221;Inovativne energetske re\u0161itve&#8221; back_title=&#8221;Inovativne energetske re\u0161itve&#8221; back_content=&#8221;<\/p>\n<p><span>Razvoj visoko temperaturnih industrijskih naprav s poudarkom na energijski optimizaciji sistemov in manj\u0161anju izpustov nevarnih snovi.<\/span><\/p>\n<p>&#8221; use_back_button=&#8221;on&#8221; back_button_text=&#8221;Predstavitev&#8221; back_button_link=&#8221;\/inovativne-energetske-resitve\/&#8221; use_force_square=&#8221;on&#8221; use_3d_effect=&#8221;on&#8221; front_side_bg_color=&#8221;#29ABE2&#8243; back_side_bg_color=&#8221;#23434C&#8221; _builder_version=&#8221;4.27.4&#8243; _module_preset=&#8221;default&#8221; front_title_text_color=&#8221;#FFFFFF&#8221; back_title_level=&#8221;h4&#8243; back_title_text_color=&#8221;#FFFFFF&#8221; back_desc_text_color=&#8221;#FFFFFF&#8221; back_desc_font_size=&#8221;14px&#8221; custom_back_button=&#8221;on&#8221; back_button_text_size=&#8221;18px&#8221; back_button_text_color=&#8221;#29ABE2&#8243; back_button_border_color=&#8221;#FFFFFF&#8221; back_button_use_icon=&#8221;off&#8221; global_colors_info=&#8221;{}&#8221; back_button_text_size__hover_enabled=&#8221;on|desktop&#8221; back_button_text_size__hover=&#8221;18px&#8221;][\/ds_flip_box][\/et_pb_column][et_pb_column type=&#8221;1_3&#8243; _builder_version=&#8221;4.27.4&#8243; _module_preset=&#8221;default&#8221; global_colors_info=&#8221;{}&#8221;][ds_flip_box front_title=&#8221;Aplikativna umetna inteligenca&#8221; back_title=&#8221;Aplikativna umetna inteligenca&#8221; back_content=&#8221;<\/p>\n<p><span>Zdru\u017eujemo napredno analitiko, strojno u\u010denje in digitalne dvoj\u010dke za optimizacijo procesov in razvoj novih materialov.<\/span><\/p>\n<p>&#8221; use_back_button=&#8221;on&#8221; back_button_text=&#8221;Predstavitev&#8221; back_button_link=&#8221;\/aplikativna-umetna-inteligenca\/&#8221; use_force_square=&#8221;on&#8221; use_3d_effect=&#8221;on&#8221; front_side_bg_color=&#8221;#23434C&#8221; back_side_bg_color=&#8221;#29ABE2&#8243; _builder_version=&#8221;4.27.4&#8243; _module_preset=&#8221;default&#8221; front_title_text_color=&#8221;#FFFFFF&#8221; back_title_level=&#8221;h4&#8243; back_title_text_color=&#8221;#FFFFFF&#8221; back_desc_text_color=&#8221;#FFFFFF&#8221; back_desc_font_size=&#8221;14px&#8221; custom_back_button=&#8221;on&#8221; back_button_text_size=&#8221;18px&#8221; back_button_text_color=&#8221;#FFFFFF&#8221; back_button_border_color=&#8221;#FFFFFF&#8221; back_button_use_icon=&#8221;off&#8221; global_colors_info=&#8221;{}&#8221; back_button_text_size__hover_enabled=&#8221;on|desktop&#8221; back_button_text_color__hover_enabled=&#8221;on|desktop&#8221; back_button_text_size__hover=&#8221;18px&#8221; back_button_text_color__hover=&#8221;#FFFFFF&#8221;][\/ds_flip_box][\/et_pb_column][et_pb_column type=&#8221;1_3&#8243; _builder_version=&#8221;4.27.4&#8243; _module_preset=&#8221;default&#8221; global_colors_info=&#8221;{}&#8221;][\/et_pb_column][\/et_pb_row][\/et_pb_section]<\/p>\n","protected":false},"excerpt":{"rendered":"<p>Branches<div class=\"et_pb_module ds_flip_box ds_flip_box_0\">\n\t\t\t\t\n\t\t\t\t\n\t\t\t\t\n\t\t\t\t\n\t\t\t\t\n\t\t\t\t\n\t\t\t\t<div class=\"et_pb_module_inner\">\n\t\t\t\t\t<div class=\"ds-flip-box-container\" data-dynamic_height=\"off\" data-force_square=\"on\">\n                <div class=\"ds-flip-box-inner ds-flip-left-right ds-3d-flip-box\">\n                    <div class=\"ds-flip-box-inner-wrapper\">\n                        <div class=\"ds-flip-box-front-side\">\n                <div class=\"ds-flip-box-front-side-wrapper\">\n                    \n                    <div class=\"ds-flip-box-front-side-innner\">\n                        \n                        <div class=\"ds-text\">\n                    <h2 class=\"ds-flip-box-heading\">Kerami\u010dni materiali in varovalke<\/h2>\n                    \n                    \n                <\/div>\n                    <\/div>\n                <\/div>\n            <\/div>\n            \n                        <div class=\"ds-flip-box-back-side\">\n                <div class=\"ds-flip-box-back-side-wrapper\">\n                    \n                    <div class=\"ds-flip-box-back-side-innner\">\n                        \n                        <div class=\"ds-text\">\n                    <h4 class=\"ds-flip-box-heading\">\n                    Kerami\u010dni materiali in varovalke\n                <\/h4>\n                    <div class=\"ds-desc\">Postati eden izmed vodilnih razvojnih centrov za inovativne in trajnostne re\u0161itev na podro\u010dju za\u0161\u010dite elektri\u010dnih in\u0161talacij ter naprav<\/div>\n                    <a class=\"et_pb_button  ds-back-button\" href=\"\/keramicni-materiali-in-varovalke\/\">Predstavitev<\/a>\n                <\/div>\n                    <\/div>\n                <\/div>\n            <\/div>\n                        \n                    <\/div>\n                <\/div>\n           <\/div>\n\t\t\t\t<\/div>\n\t\t\t<\/div><div class=\"et_pb_module ds_flip_box ds_flip_box_1\">\n\t\t\t\t\n\t\t\t\t\n\t\t\t\t\n\t\t\t\t\n\t\t\t\t\n\t\t\t\t\n\t\t\t\t<div class=\"et_pb_module_inner\">\n\t\t\t\t\t<div class=\"ds-flip-box-container\" data-dynamic_height=\"off\" data-force_square=\"off\">\n                <div class=\"ds-flip-box-inner ds-flip-left-right \">\n                    <div class=\"ds-flip-box-inner-wrapper\">\n                        <div class=\"ds-flip-box-front-side\">\n                <div class=\"ds-flip-box-front-side-wrapper\">\n                    \n                    <div class=\"ds-flip-box-front-side-innner\">\n                        \n                        <div class=\"ds-text\">\n                    <h2 class=\"ds-flip-box-heading\">&#8221;Nano<\/h2>\n                    \n                    \n                <\/div>\n                    <\/div>\n                <\/div>\n            <\/div>\n            \n                        <div class=\"ds-flip-box-back-side\">\n                <div class=\"ds-flip-box-back-side-wrapper\">\n                    \n                    <div class=\"ds-flip-box-back-side-innner\">\n                        \n                        <div class=\"ds-text\">\n                    <h2 class=\"ds-flip-box-heading\">\n                    &#8221;Nano\n                <\/h2>\n                    \n                    \n                <\/div>\n                    <\/div>\n                <\/div>\n            <\/div>\n                        \n                    <\/div>\n                <\/div>\n           <\/div>\n\t\t\t\t<\/div>\n\t\t\t<\/div><\/p>\n","protected":false},"author":1,"featured_media":0,"parent":0,"menu_order":0,"comment_status":"closed","ping_status":"closed","template":"","meta":{"_et_pb_use_builder":"on","_et_pb_old_content":"","_et_gb_content_width":"","footnotes":""},"class_list":["post-4403638","page","type-page","status-publish","hentry"],"yoast_head":"<!-- This site is optimized with the Yoast SEO plugin v27.5 - https:\/\/yoast.com\/product\/yoast-seo-wordpress\/ -->\n<title>Branches - RC eNeM<\/title>\n<meta name=\"description\" content=\"The branches that make up the eNeM Novi materiali d.o.o. Development Centre, which are engaged in research and development activities in the field of new materials.\" \/>\n<meta name=\"robots\" content=\"index, follow, max-snippet:-1, max-image-preview:large, max-video-preview:-1\" \/>\n<link rel=\"canonical\" href=\"https:\/\/www.rc-enem.si\/en\/branches\/\" \/>\n<meta property=\"og:locale\" content=\"en_US\" \/>\n<meta property=\"og:type\" content=\"article\" \/>\n<meta property=\"og:title\" content=\"Branches - RC eNeM\" \/>\n<meta property=\"og:description\" content=\"The branches that make up the eNeM Novi materiali d.o.o. Development Centre, which are engaged in research and development activities in the field of new materials.\" \/>\n<meta property=\"og:url\" content=\"https:\/\/www.rc-enem.si\/en\/branches\/\" \/>\n<meta property=\"og:site_name\" content=\"RC eNeM\" \/>\n<meta property=\"article:modified_time\" content=\"2025-03-25T05:58:11+00:00\" \/>\n<meta name=\"twitter:card\" content=\"summary_large_image\" \/>\n<meta name=\"twitter:label1\" content=\"Est. reading time\" \/>\n\t<meta name=\"twitter:data1\" content=\"7 minutes\" \/>\n<script type=\"application\/ld+json\" class=\"yoast-schema-graph\">{\"@context\":\"https:\\\/\\\/schema.org\",\"@graph\":[{\"@type\":\"WebPage\",\"@id\":\"https:\\\/\\\/www.rc-enem.si\\\/en\\\/branches\\\/\",\"url\":\"https:\\\/\\\/www.rc-enem.si\\\/en\\\/branches\\\/\",\"name\":\"Branches - RC eNeM\",\"isPartOf\":{\"@id\":\"https:\\\/\\\/www.rc-enem.si\\\/en\\\/#website\"},\"datePublished\":\"2025-03-24T10:08:42+00:00\",\"dateModified\":\"2025-03-25T05:58:11+00:00\",\"description\":\"The branches that make up the eNeM Novi materiali d.o.o. Development Centre, which are engaged in research and development activities in the field of new materials.\",\"breadcrumb\":{\"@id\":\"https:\\\/\\\/www.rc-enem.si\\\/en\\\/branches\\\/#breadcrumb\"},\"inLanguage\":\"en-US\",\"potentialAction\":[{\"@type\":\"ReadAction\",\"target\":[\"https:\\\/\\\/www.rc-enem.si\\\/en\\\/branches\\\/\"]}]},{\"@type\":\"BreadcrumbList\",\"@id\":\"https:\\\/\\\/www.rc-enem.si\\\/en\\\/branches\\\/#breadcrumb\",\"itemListElement\":[{\"@type\":\"ListItem\",\"position\":1,\"name\":\"Home\",\"item\":\"https:\\\/\\\/www.rc-enem.si\\\/en\\\/\"},{\"@type\":\"ListItem\",\"position\":2,\"name\":\"Branches\"}]},{\"@type\":\"WebSite\",\"@id\":\"https:\\\/\\\/www.rc-enem.si\\\/en\\\/#website\",\"url\":\"https:\\\/\\\/www.rc-enem.si\\\/en\\\/\",\"name\":\"RC eNeM\",\"description\":\"Razvojni center Novi materiali\",\"potentialAction\":[{\"@type\":\"SearchAction\",\"target\":{\"@type\":\"EntryPoint\",\"urlTemplate\":\"https:\\\/\\\/www.rc-enem.si\\\/en\\\/?s={search_term_string}\"},\"query-input\":{\"@type\":\"PropertyValueSpecification\",\"valueRequired\":true,\"valueName\":\"search_term_string\"}}],\"inLanguage\":\"en-US\"}]}<\/script>\n<!-- \/ Yoast SEO plugin. -->","yoast_head_json":{"title":"Branches - RC eNeM","description":"The branches that make up the eNeM Novi materiali d.o.o. Development Centre, which are engaged in research and development activities in the field of new materials.","robots":{"index":"index","follow":"follow","max-snippet":"max-snippet:-1","max-image-preview":"max-image-preview:large","max-video-preview":"max-video-preview:-1"},"canonical":"https:\/\/www.rc-enem.si\/en\/branches\/","og_locale":"en_US","og_type":"article","og_title":"Branches - RC eNeM","og_description":"The branches that make up the eNeM Novi materiali d.o.o. Development Centre, which are engaged in research and development activities in the field of new materials.","og_url":"https:\/\/www.rc-enem.si\/en\/branches\/","og_site_name":"RC eNeM","article_modified_time":"2025-03-25T05:58:11+00:00","twitter_card":"summary_large_image","twitter_misc":{"Est. reading time":"7 minutes"},"schema":{"@context":"https:\/\/schema.org","@graph":[{"@type":"WebPage","@id":"https:\/\/www.rc-enem.si\/en\/branches\/","url":"https:\/\/www.rc-enem.si\/en\/branches\/","name":"Branches - RC eNeM","isPartOf":{"@id":"https:\/\/www.rc-enem.si\/en\/#website"},"datePublished":"2025-03-24T10:08:42+00:00","dateModified":"2025-03-25T05:58:11+00:00","description":"The branches that make up the eNeM Novi materiali d.o.o. Development Centre, which are engaged in research and development activities in the field of new materials.","breadcrumb":{"@id":"https:\/\/www.rc-enem.si\/en\/branches\/#breadcrumb"},"inLanguage":"en-US","potentialAction":[{"@type":"ReadAction","target":["https:\/\/www.rc-enem.si\/en\/branches\/"]}]},{"@type":"BreadcrumbList","@id":"https:\/\/www.rc-enem.si\/en\/branches\/#breadcrumb","itemListElement":[{"@type":"ListItem","position":1,"name":"Home","item":"https:\/\/www.rc-enem.si\/en\/"},{"@type":"ListItem","position":2,"name":"Branches"}]},{"@type":"WebSite","@id":"https:\/\/www.rc-enem.si\/en\/#website","url":"https:\/\/www.rc-enem.si\/en\/","name":"RC eNeM","description":"Razvojni center Novi materiali","potentialAction":[{"@type":"SearchAction","target":{"@type":"EntryPoint","urlTemplate":"https:\/\/www.rc-enem.si\/en\/?s={search_term_string}"},"query-input":{"@type":"PropertyValueSpecification","valueRequired":true,"valueName":"search_term_string"}}],"inLanguage":"en-US"}]}},"_links":{"self":[{"href":"https:\/\/www.rc-enem.si\/en\/wp-json\/wp\/v2\/pages\/4403638","targetHints":{"allow":["GET"]}}],"collection":[{"href":"https:\/\/www.rc-enem.si\/en\/wp-json\/wp\/v2\/pages"}],"about":[{"href":"https:\/\/www.rc-enem.si\/en\/wp-json\/wp\/v2\/types\/page"}],"author":[{"embeddable":true,"href":"https:\/\/www.rc-enem.si\/en\/wp-json\/wp\/v2\/users\/1"}],"replies":[{"embeddable":true,"href":"https:\/\/www.rc-enem.si\/en\/wp-json\/wp\/v2\/comments?post=4403638"}],"version-history":[{"count":5,"href":"https:\/\/www.rc-enem.si\/en\/wp-json\/wp\/v2\/pages\/4403638\/revisions"}],"predecessor-version":[{"id":4403646,"href":"https:\/\/www.rc-enem.si\/en\/wp-json\/wp\/v2\/pages\/4403638\/revisions\/4403646"}],"wp:attachment":[{"href":"https:\/\/www.rc-enem.si\/en\/wp-json\/wp\/v2\/media?parent=4403638"}],"curies":[{"name":"wp","href":"https:\/\/api.w.org\/{rel}","templated":true}]}}